{"id":556,"date":"2023-12-21T09:49:19","date_gmt":"2023-12-21T08:49:19","guid":{"rendered":"https:\/\/www.alphatax.lu\/?page_id=556"},"modified":"2025-01-13T15:59:27","modified_gmt":"2025-01-13T14:59:27","slug":"start","status":"publish","type":"page","link":"https:\/\/www.alphatax.lu\/da\/","title":{"rendered":"Start"},"content":{"rendered":"","protected":false},"excerpt":{"rendered":"","protected":false},"author":4,"featured_media":0,"parent":0,"menu_order":1,"comment_status":"closed","ping_status":"closed","template":"","meta":{"footnotes":""},"categories":[],"tags":[],"class_list":["post-556","page","type-page","status-publish","hentry"],"yoast_head":"<!-- This site is optimized with the Yoast SEO plugin v27.3 - https:\/\/yoast.com\/product\/yoast-seo-wordpress\/ -->\n<title>AlphaTax - Startside - Skatterapporter til banker<\/title>\n<meta name=\"description\" content=\"AlphaTax tilbyder effektive og p\u00e5lidelige skatterapporter til banker, fra r\u00e5data til den f\u00e6rdige rapport.\" \/>\n<meta name=\"robots\" content=\"index, follow, max-snippet:-1, max-image-preview:large, max-video-preview:-1\" \/>\n<link rel=\"canonical\" href=\"https:\/\/www.alphatax.ch\/da\/\" \/>\n<meta property=\"og:locale\" content=\"da_DK\" \/>\n<meta property=\"og:type\" content=\"article\" \/>\n<meta property=\"og:title\" content=\"AlphaTax - Startside - Skatterapporter til banker\" \/>\n<meta property=\"og:description\" content=\"AlphaTax tilbyder effektive og p\u00e5lidelige skatterapporter til banker, fra r\u00e5data til den f\u00e6rdige rapport.\" \/>\n<meta property=\"og:url\" content=\"https:\/\/www.alphatax.ch\/da\" \/>\n<meta property=\"og:site_name\" content=\"AlphaTax LU\" \/>\n<meta property=\"article:modified_time\" content=\"2025-01-13T14:59:27+00:00\" \/>\n<meta name=\"twitter:card\" content=\"summary_large_image\" \/>\n<meta name=\"twitter:label1\" content=\"Estimeret l\u00e6setid\" \/>\n\t<meta name=\"twitter:data1\" content=\"5 minutter\" \/>\n<script type=\"application\/ld+json\" class=\"yoast-schema-graph\">{\"@context\":\"https:\\\/\\\/schema.org\",\"@graph\":[{\"@type\":\"WebPage\",\"@id\":\"https:\\\/\\\/www.alphatax.lu\\\/da\\\/\",\"url\":\"https:\\\/\\\/www.alphatax.ch\\\/da\",\"name\":\"AlphaTax - Startside - Skatterapporter til banker\",\"isPartOf\":{\"@id\":\"https:\\\/\\\/www.alphatax.lu\\\/da\\\/#website\"},\"datePublished\":\"2023-12-21T08:49:19+00:00\",\"dateModified\":\"2025-01-13T14:59:27+00:00\",\"description\":\"AlphaTax tilbyder effektive og p\u00e5lidelige skatterapporter til banker, fra r\u00e5data til den f\u00e6rdige rapport.\",\"breadcrumb\":{\"@id\":\"https:\\\/\\\/www.alphatax.ch\\\/da#breadcrumb\"},\"inLanguage\":\"da-DK\",\"potentialAction\":[{\"@type\":\"ReadAction\",\"target\":[\"https:\\\/\\\/www.alphatax.ch\\\/da\"]}]},{\"@type\":\"BreadcrumbList\",\"@id\":\"https:\\\/\\\/www.alphatax.ch\\\/da#breadcrumb\",\"itemListElement\":[{\"@type\":\"ListItem\",\"position\":1,\"name\":\"Startseite\",\"item\":\"https:\\\/\\\/www.alphatax.lu\\\/da\\\/\"},{\"@type\":\"ListItem\",\"position\":2,\"name\":\"Start\"}]},{\"@type\":\"WebSite\",\"@id\":\"https:\\\/\\\/www.alphatax.lu\\\/da\\\/#website\",\"url\":\"https:\\\/\\\/www.alphatax.lu\\\/da\\\/\",\"name\":\"AlphaTax LU\",\"description\":\"\",\"potentialAction\":[{\"@type\":\"SearchAction\",\"target\":{\"@type\":\"EntryPoint\",\"urlTemplate\":\"https:\\\/\\\/www.alphatax.lu\\\/da\\\/?s={search_term_string}\"},\"query-input\":{\"@type\":\"PropertyValueSpecification\",\"valueRequired\":true,\"valueName\":\"search_term_string\"}}],\"inLanguage\":\"da-DK\"}]}<\/script>\n<!-- \/ Yoast SEO plugin. -->","yoast_head_json":{"title":"AlphaTax - Startside - Skatterapporter til banker","description":"AlphaTax tilbyder effektive og p\u00e5lidelige skatterapporter til banker, fra r\u00e5data til den f\u00e6rdige rapport.","robots":{"index":"index","follow":"follow","max-snippet":"max-snippet:-1","max-image-preview":"max-image-preview:large","max-video-preview":"max-video-preview:-1"},"canonical":"https:\/\/www.alphatax.ch\/da\/","og_locale":"da_DK","og_type":"article","og_title":"AlphaTax - Startside - Skatterapporter til banker","og_description":"AlphaTax tilbyder effektive og p\u00e5lidelige skatterapporter til banker, fra r\u00e5data til den f\u00e6rdige rapport.","og_url":"https:\/\/www.alphatax.ch\/da","og_site_name":"AlphaTax LU","article_modified_time":"2025-01-13T14:59:27+00:00","twitter_card":"summary_large_image","twitter_misc":{"Estimeret l\u00e6setid":"5 minutter"},"schema":{"@context":"https:\/\/schema.org","@graph":[{"@type":"WebPage","@id":"https:\/\/www.alphatax.lu\/da\/","url":"https:\/\/www.alphatax.ch\/da","name":"AlphaTax - Startside - Skatterapporter til banker","isPartOf":{"@id":"https:\/\/www.alphatax.lu\/da\/#website"},"datePublished":"2023-12-21T08:49:19+00:00","dateModified":"2025-01-13T14:59:27+00:00","description":"AlphaTax tilbyder effektive og p\u00e5lidelige skatterapporter til banker, fra r\u00e5data til den f\u00e6rdige rapport.","breadcrumb":{"@id":"https:\/\/www.alphatax.ch\/da#breadcrumb"},"inLanguage":"da-DK","potentialAction":[{"@type":"ReadAction","target":["https:\/\/www.alphatax.ch\/da"]}]},{"@type":"BreadcrumbList","@id":"https:\/\/www.alphatax.ch\/da#breadcrumb","itemListElement":[{"@type":"ListItem","position":1,"name":"Startseite","item":"https:\/\/www.alphatax.lu\/da\/"},{"@type":"ListItem","position":2,"name":"Start"}]},{"@type":"WebSite","@id":"https:\/\/www.alphatax.lu\/da\/#website","url":"https:\/\/www.alphatax.lu\/da\/","name":"AlphaTax LU","description":"","potentialAction":[{"@type":"SearchAction","target":{"@type":"EntryPoint","urlTemplate":"https:\/\/www.alphatax.lu\/da\/?s={search_term_string}"},"query-input":{"@type":"PropertyValueSpecification","valueRequired":true,"valueName":"search_term_string"}}],"inLanguage":"da-DK"}]}},"_links":{"self":[{"href":"https:\/\/www.alphatax.lu\/da\/wp-json\/wp\/v2\/pages\/556","targetHints":{"allow":["GET"]}}],"collection":[{"href":"https:\/\/www.alphatax.lu\/da\/wp-json\/wp\/v2\/pages"}],"about":[{"href":"https:\/\/www.alphatax.lu\/da\/wp-json\/wp\/v2\/types\/page"}],"author":[{"embeddable":true,"href":"https:\/\/www.alphatax.lu\/da\/wp-json\/wp\/v2\/users\/4"}],"replies":[{"embeddable":true,"href":"https:\/\/www.alphatax.lu\/da\/wp-json\/wp\/v2\/comments?post=556"}],"version-history":[{"count":1,"href":"https:\/\/www.alphatax.lu\/da\/wp-json\/wp\/v2\/pages\/556\/revisions"}],"predecessor-version":[{"id":557,"href":"https:\/\/www.alphatax.lu\/da\/wp-json\/wp\/v2\/pages\/556\/revisions\/557"}],"wp:attachment":[{"href":"https:\/\/www.alphatax.lu\/da\/wp-json\/wp\/v2\/media?parent=556"}],"wp:term":[{"taxonomy":"category","embeddable":true,"href":"https:\/\/www.alphatax.lu\/da\/wp-json\/wp\/v2\/categories?post=556"},{"taxonomy":"post_tag","embeddable":true,"href":"https:\/\/www.alphatax.lu\/da\/wp-json\/wp\/v2\/tags?post=556"}],"curies":[{"name":"wp","href":"https:\/\/api.w.org\/{rel}","templated":true}]}}