{"id":501,"date":"2024-12-09T14:54:41","date_gmt":"2024-12-09T13:54:41","guid":{"rendered":"https:\/\/www.alphatax.lu\/?page_id=501"},"modified":"2024-12-23T12:01:06","modified_gmt":"2024-12-23T11:01:06","slug":"dataskydd","status":"publish","type":"page","link":"https:\/\/www.alphatax.lu\/sv\/dataskydd\/","title":{"rendered":"Dataskydd"},"content":{"rendered":"","protected":false},"excerpt":{"rendered":"","protected":false},"author":3,"featured_media":0,"parent":0,"menu_order":7,"comment_status":"closed","ping_status":"closed","template":"","meta":{"footnotes":""},"categories":[],"tags":[],"class_list":["post-501","page","type-page","status-publish","hentry"],"yoast_head":"<!-- This site is optimized with the Yoast SEO plugin v27.5 - https:\/\/yoast.com\/product\/yoast-seo-wordpress\/ -->\n<title>Dataskydd - AlphaTax LU<\/title>\n<meta name=\"description\" content=\"Ta reda p\u00e5 hur vi skyddar dina uppgifter och vilka \u00e5tg\u00e4rder vi vidtar f\u00f6r att s\u00e4kerst\u00e4lla datas\u00e4kerheten.\" \/>\n<meta name=\"robots\" content=\"index, follow, max-snippet:-1, max-image-preview:large, max-video-preview:-1\" \/>\n<link rel=\"canonical\" href=\"https:\/\/www.alphatax.ch\/sv\/dataskydd\/\" \/>\n<meta property=\"og:locale\" content=\"sv_SE\" \/>\n<meta property=\"og:type\" content=\"article\" \/>\n<meta property=\"og:title\" content=\"Dataskydd - AlphaTax LU\" \/>\n<meta property=\"og:description\" content=\"Ta reda p\u00e5 hur vi skyddar dina uppgifter och vilka \u00e5tg\u00e4rder vi vidtar f\u00f6r att s\u00e4kerst\u00e4lla datas\u00e4kerheten.\" \/>\n<meta property=\"og:url\" content=\"https:\/\/www.alphatax.ch\/sv\/dataskydd\/\" \/>\n<meta property=\"og:site_name\" content=\"AlphaTax LU\" \/>\n<meta property=\"article:modified_time\" content=\"2024-12-23T11:01:06+00:00\" \/>\n<meta name=\"twitter:card\" content=\"summary_large_image\" \/>\n<meta name=\"twitter:label1\" content=\"Ber\u00e4knad l\u00e4stid\" \/>\n\t<meta name=\"twitter:data1\" content=\"13 minuter\" \/>\n<script type=\"application\/ld+json\" class=\"yoast-schema-graph\">{\"@context\":\"https:\\\/\\\/schema.org\",\"@graph\":[{\"@type\":\"WebPage\",\"@id\":\"https:\\\/\\\/www.alphatax.lu\\\/sv\\\/dataskydd\\\/\",\"url\":\"https:\\\/\\\/www.alphatax.ch\\\/sv\\\/dataskydd\\\/\",\"name\":\"Dataskydd - AlphaTax LU\",\"isPartOf\":{\"@id\":\"https:\\\/\\\/www.alphatax.lu\\\/sv\\\/#website\"},\"datePublished\":\"2024-12-09T13:54:41+00:00\",\"dateModified\":\"2024-12-23T11:01:06+00:00\",\"description\":\"Ta reda p\u00e5 hur vi skyddar dina uppgifter och vilka \u00e5tg\u00e4rder vi vidtar f\u00f6r att s\u00e4kerst\u00e4lla datas\u00e4kerheten.\",\"breadcrumb\":{\"@id\":\"https:\\\/\\\/www.alphatax.ch\\\/sv\\\/dataskydd\\\/#breadcrumb\"},\"inLanguage\":\"sv-SE\",\"potentialAction\":[{\"@type\":\"ReadAction\",\"target\":[\"https:\\\/\\\/www.alphatax.ch\\\/sv\\\/dataskydd\\\/\"]}]},{\"@type\":\"BreadcrumbList\",\"@id\":\"https:\\\/\\\/www.alphatax.ch\\\/sv\\\/dataskydd\\\/#breadcrumb\",\"itemListElement\":[{\"@type\":\"ListItem\",\"position\":1,\"name\":\"Startseite\",\"item\":\"https:\\\/\\\/www.alphatax.lu\\\/sv\\\/\"},{\"@type\":\"ListItem\",\"position\":2,\"name\":\"Dataskydd\"}]},{\"@type\":\"WebSite\",\"@id\":\"https:\\\/\\\/www.alphatax.lu\\\/sv\\\/#website\",\"url\":\"https:\\\/\\\/www.alphatax.lu\\\/sv\\\/\",\"name\":\"AlphaTax LU\",\"description\":\"\",\"potentialAction\":[{\"@type\":\"SearchAction\",\"target\":{\"@type\":\"EntryPoint\",\"urlTemplate\":\"https:\\\/\\\/www.alphatax.lu\\\/sv\\\/?s={search_term_string}\"},\"query-input\":{\"@type\":\"PropertyValueSpecification\",\"valueRequired\":true,\"valueName\":\"search_term_string\"}}],\"inLanguage\":\"sv-SE\"}]}<\/script>\n<!-- \/ Yoast SEO plugin. -->","yoast_head_json":{"title":"Dataskydd - AlphaTax LU","description":"Ta reda p\u00e5 hur vi skyddar dina uppgifter och vilka \u00e5tg\u00e4rder vi vidtar f\u00f6r att s\u00e4kerst\u00e4lla datas\u00e4kerheten.","robots":{"index":"index","follow":"follow","max-snippet":"max-snippet:-1","max-image-preview":"max-image-preview:large","max-video-preview":"max-video-preview:-1"},"canonical":"https:\/\/www.alphatax.ch\/sv\/dataskydd\/","og_locale":"sv_SE","og_type":"article","og_title":"Dataskydd - AlphaTax LU","og_description":"Ta reda p\u00e5 hur vi skyddar dina uppgifter och vilka \u00e5tg\u00e4rder vi vidtar f\u00f6r att s\u00e4kerst\u00e4lla datas\u00e4kerheten.","og_url":"https:\/\/www.alphatax.ch\/sv\/dataskydd\/","og_site_name":"AlphaTax LU","article_modified_time":"2024-12-23T11:01:06+00:00","twitter_card":"summary_large_image","twitter_misc":{"Ber\u00e4knad l\u00e4stid":"13 minuter"},"schema":{"@context":"https:\/\/schema.org","@graph":[{"@type":"WebPage","@id":"https:\/\/www.alphatax.lu\/sv\/dataskydd\/","url":"https:\/\/www.alphatax.ch\/sv\/dataskydd\/","name":"Dataskydd - AlphaTax LU","isPartOf":{"@id":"https:\/\/www.alphatax.lu\/sv\/#website"},"datePublished":"2024-12-09T13:54:41+00:00","dateModified":"2024-12-23T11:01:06+00:00","description":"Ta reda p\u00e5 hur vi skyddar dina uppgifter och vilka \u00e5tg\u00e4rder vi vidtar f\u00f6r att s\u00e4kerst\u00e4lla datas\u00e4kerheten.","breadcrumb":{"@id":"https:\/\/www.alphatax.ch\/sv\/dataskydd\/#breadcrumb"},"inLanguage":"sv-SE","potentialAction":[{"@type":"ReadAction","target":["https:\/\/www.alphatax.ch\/sv\/dataskydd\/"]}]},{"@type":"BreadcrumbList","@id":"https:\/\/www.alphatax.ch\/sv\/dataskydd\/#breadcrumb","itemListElement":[{"@type":"ListItem","position":1,"name":"Startseite","item":"https:\/\/www.alphatax.lu\/sv\/"},{"@type":"ListItem","position":2,"name":"Dataskydd"}]},{"@type":"WebSite","@id":"https:\/\/www.alphatax.lu\/sv\/#website","url":"https:\/\/www.alphatax.lu\/sv\/","name":"AlphaTax LU","description":"","potentialAction":[{"@type":"SearchAction","target":{"@type":"EntryPoint","urlTemplate":"https:\/\/www.alphatax.lu\/sv\/?s={search_term_string}"},"query-input":{"@type":"PropertyValueSpecification","valueRequired":true,"valueName":"search_term_string"}}],"inLanguage":"sv-SE"}]}},"_links":{"self":[{"href":"https:\/\/www.alphatax.lu\/sv\/wp-json\/wp\/v2\/pages\/501","targetHints":{"allow":["GET"]}}],"collection":[{"href":"https:\/\/www.alphatax.lu\/sv\/wp-json\/wp\/v2\/pages"}],"about":[{"href":"https:\/\/www.alphatax.lu\/sv\/wp-json\/wp\/v2\/types\/page"}],"author":[{"embeddable":true,"href":"https:\/\/www.alphatax.lu\/sv\/wp-json\/wp\/v2\/users\/3"}],"replies":[{"embeddable":true,"href":"https:\/\/www.alphatax.lu\/sv\/wp-json\/wp\/v2\/comments?post=501"}],"version-history":[{"count":2,"href":"https:\/\/www.alphatax.lu\/sv\/wp-json\/wp\/v2\/pages\/501\/revisions"}],"predecessor-version":[{"id":865,"href":"https:\/\/www.alphatax.lu\/sv\/wp-json\/wp\/v2\/pages\/501\/revisions\/865"}],"wp:attachment":[{"href":"https:\/\/www.alphatax.lu\/sv\/wp-json\/wp\/v2\/media?parent=501"}],"wp:term":[{"taxonomy":"category","embeddable":true,"href":"https:\/\/www.alphatax.lu\/sv\/wp-json\/wp\/v2\/categories?post=501"},{"taxonomy":"post_tag","embeddable":true,"href":"https:\/\/www.alphatax.lu\/sv\/wp-json\/wp\/v2\/tags?post=501"}],"curies":[{"name":"wp","href":"https:\/\/api.w.org\/{rel}","templated":true}]}}